{"id":738,"date":"2013-07-09T12:41:08","date_gmt":"2013-07-09T12:41:08","guid":{"rendered":"https:\/\/www.hotel-madison.it\/de\/hotel-3-stelle-gabicce-mare\/"},"modified":"2020-06-23T12:50:35","modified_gmt":"2020-06-23T10:50:35","slug":"3-sterne-hotel-gabicce-mare","status":"publish","type":"page","link":"https:\/\/www.hotel-madison.it\/de\/","title":{"rendered":"3 sterne Hotel Gabicce Mare"},"content":{"rendered":"<h2>Willkommen bei Madison Hotel, Gabicce Mare<\/h2>\n<p><img loading=\"lazy\" decoding=\"async\" class=\"alignnone size-full wp-image-574\" src=\"https:\/\/www.hotel-madison.it\/wp-content\/uploads\/2013\/07\/reception-1.jpg\" alt=\"reception\" width=\"609\" height=\"334\" data-big-size=\"609x334\" \/><br \/>\nDas Hotel Madison*** ( vollkommend renoviert) liegt im Herzen von Gabicce Mare in einer sehr ruhigen. Lage nur wenige Schritte vom Meer entfernt und verf\u00fcgt ab Sommersaison 2004 \u00fcber weitere Komforts, die das Haus zwischen<strong> den besten Hotels in Gabicce Mare<\/strong> bef\u00f6rdern. Ganz neuer Aufzug, der direkt zur Dachterrasse mit herrlichem Ausblick 360\u00b0 zum Meer und auf Gabicce Monte, f\u00e4hrt.<br \/>\nTresor an der Rezeption. Zentralheizung zu Ostern. Gem\u00fctlicher Aufenthaltsraum mit Fernsehecke-Sat und gut eingerichteter Bar. Im klimatisierten und vergr\u00f6sserten Restaurant werden jeden Tag ein reichhaltiges Fr\u00fchst\u00fccksbuffet sowie 3-G\u00e4nge Menu mit Fischspezialit\u00e4ten und Salat-buffet zu jeder Mahlzeit serviert. Grosser privater eingez\u00e4unter Parkplatz, <strong>und Garage auf Anfrage<\/strong>. Das Panorama-Schwimmbad von Hotel Napoleon steht zur Verf\u00fcgung unserer G\u00e4ste. Ge\u00f6ffnet von Mai bis September. Direkt von den Besitzern gef\u00fchrt: <strong>Familie Silvagni.<\/strong><\/p>\n<p>&nbsp;<\/p>\n","protected":false},"excerpt":{"rendered":"<p>Willkommen bei Madison Hotel, Gabicce Mare Das Hotel Madison*** ( vollkommend renoviert) liegt im Herzen von Gabicce Mare in einer sehr ruhigen. Lage nur wenige Schritte vom Meer entfernt und verf\u00fcgt ab Sommersaison 2004 \u00fcber weitere Komforts, die das Haus zwischen den besten Hotels in Gabicce Mare bef\u00f6rdern. Ganz neuer Aufzug, der direkt zur Dachterrasse [&hellip;]<\/p>\n","protected":false},"author":5,"featured_media":0,"parent":0,"menu_order":3,"comment_status":"closed","ping_status":"closed","template":"","meta":{"_acf_changed":false},"class_list":["post-738","page","type-page","status-publish"],"acf":[],"yoast_head":"<!-- This site is optimized with the Yoast SEO plugin v27.0 - https:\/\/yoast.com\/product\/yoast-seo-wordpress\/ -->\n<title>3 sterne Hotel Gabicce mare - Urlaub Gabicce mare - Hotel Madison<\/title>\n<meta name=\"description\" content=\"Das Hotel Madison*** ( vollkommend renoviert) liegt im Herzen von Gabicce Mare in einer sehr ruhigen.\" \/>\n<meta name=\"robots\" content=\"index, follow, max-snippet:-1, max-image-preview:large, max-video-preview:-1\" \/>\n<link rel=\"canonical\" href=\"https:\/\/www.hotel-madison.it\/de\/\" \/>\n<meta property=\"og:locale\" content=\"de_DE\" \/>\n<meta property=\"og:type\" content=\"article\" \/>\n<meta property=\"og:title\" content=\"3 sterne Hotel Gabicce mare - Urlaub Gabicce mare - Hotel Madison\" \/>\n<meta property=\"og:description\" content=\"Das Hotel Madison*** ( vollkommend renoviert) liegt im Herzen von Gabicce Mare in einer sehr ruhigen.\" \/>\n<meta property=\"og:url\" content=\"https:\/\/www.hotel-madison.it\/de\/\" \/>\n<meta property=\"og:site_name\" content=\"Hotel Madison\" \/>\n<meta property=\"article:modified_time\" content=\"2020-06-23T10:50:35+00:00\" \/>\n<meta property=\"og:image\" content=\"https:\/\/www.hotel-madison.it\/wp-content\/uploads\/2013\/07\/reception-1.jpg\" \/>\n<meta name=\"twitter:card\" content=\"summary_large_image\" \/>\n<meta name=\"twitter:label1\" content=\"Gesch\u00e4tzte Lesezeit\" \/>\n\t<meta name=\"twitter:data1\" content=\"1\u00a0Minute\" \/>\n<script type=\"application\/ld+json\" class=\"yoast-schema-graph\">{\"@context\":\"https:\/\/schema.org\",\"@graph\":[{\"@type\":\"WebPage\",\"@id\":\"https:\/\/www.hotel-madison.it\/de\/\",\"url\":\"https:\/\/www.hotel-madison.it\/de\/\",\"name\":\"3 sterne Hotel Gabicce mare - Urlaub Gabicce mare - Hotel Madison\",\"isPartOf\":{\"@id\":\"https:\/\/www.hotel-madison.it\/#website\"},\"primaryImageOfPage\":{\"@id\":\"https:\/\/www.hotel-madison.it\/de\/#primaryimage\"},\"image\":{\"@id\":\"https:\/\/www.hotel-madison.it\/de\/#primaryimage\"},\"thumbnailUrl\":\"https:\/\/www.hotel-madison.it\/wp-content\/uploads\/2013\/07\/reception-1.jpg\",\"datePublished\":\"2013-07-09T12:41:08+00:00\",\"dateModified\":\"2020-06-23T10:50:35+00:00\",\"description\":\"Das Hotel Madison*** ( vollkommend renoviert) liegt im Herzen von Gabicce Mare in einer sehr ruhigen.\",\"breadcrumb\":{\"@id\":\"https:\/\/www.hotel-madison.it\/de\/#breadcrumb\"},\"inLanguage\":\"de\",\"potentialAction\":[{\"@type\":\"ReadAction\",\"target\":[\"https:\/\/www.hotel-madison.it\/de\/\"]}]},{\"@type\":\"ImageObject\",\"inLanguage\":\"de\",\"@id\":\"https:\/\/www.hotel-madison.it\/de\/#primaryimage\",\"url\":\"https:\/\/www.hotel-madison.it\/wp-content\/uploads\/2013\/07\/reception-1.jpg\",\"contentUrl\":\"https:\/\/www.hotel-madison.it\/wp-content\/uploads\/2013\/07\/reception-1.jpg\"},{\"@type\":\"BreadcrumbList\",\"@id\":\"https:\/\/www.hotel-madison.it\/de\/#breadcrumb\",\"itemListElement\":[{\"@type\":\"ListItem\",\"position\":1,\"name\":\"Home\",\"item\":\"https:\/\/www.hotel-madison.it\/de\/\"},{\"@type\":\"ListItem\",\"position\":2,\"name\":\"3 sterne Hotel Gabicce Mare\"}]},{\"@type\":\"WebSite\",\"@id\":\"https:\/\/www.hotel-madison.it\/#website\",\"url\":\"https:\/\/www.hotel-madison.it\/\",\"name\":\"Hotel Madison\",\"description\":\"Gabicce Mare\",\"potentialAction\":[{\"@type\":\"SearchAction\",\"target\":{\"@type\":\"EntryPoint\",\"urlTemplate\":\"https:\/\/www.hotel-madison.it\/?s={search_term_string}\"},\"query-input\":{\"@type\":\"PropertyValueSpecification\",\"valueRequired\":true,\"valueName\":\"search_term_string\"}}],\"inLanguage\":\"de\"}]}<\/script>\n<!-- \/ Yoast SEO plugin. -->","yoast_head_json":{"title":"3 sterne Hotel Gabicce mare - Urlaub Gabicce mare - Hotel Madison","description":"Das Hotel Madison*** ( vollkommend renoviert) liegt im Herzen von Gabicce Mare in einer sehr ruhigen.","robots":{"index":"index","follow":"follow","max-snippet":"max-snippet:-1","max-image-preview":"max-image-preview:large","max-video-preview":"max-video-preview:-1"},"canonical":"https:\/\/www.hotel-madison.it\/de\/","og_locale":"de_DE","og_type":"article","og_title":"3 sterne Hotel Gabicce mare - Urlaub Gabicce mare - Hotel Madison","og_description":"Das Hotel Madison*** ( vollkommend renoviert) liegt im Herzen von Gabicce Mare in einer sehr ruhigen.","og_url":"https:\/\/www.hotel-madison.it\/de\/","og_site_name":"Hotel Madison","article_modified_time":"2020-06-23T10:50:35+00:00","og_image":[{"url":"https:\/\/www.hotel-madison.it\/wp-content\/uploads\/2013\/07\/reception-1.jpg","type":"","width":"","height":""}],"twitter_card":"summary_large_image","twitter_misc":{"Gesch\u00e4tzte Lesezeit":"1\u00a0Minute"},"schema":{"@context":"https:\/\/schema.org","@graph":[{"@type":"WebPage","@id":"https:\/\/www.hotel-madison.it\/de\/","url":"https:\/\/www.hotel-madison.it\/de\/","name":"3 sterne Hotel Gabicce mare - Urlaub Gabicce mare - Hotel Madison","isPartOf":{"@id":"https:\/\/www.hotel-madison.it\/#website"},"primaryImageOfPage":{"@id":"https:\/\/www.hotel-madison.it\/de\/#primaryimage"},"image":{"@id":"https:\/\/www.hotel-madison.it\/de\/#primaryimage"},"thumbnailUrl":"https:\/\/www.hotel-madison.it\/wp-content\/uploads\/2013\/07\/reception-1.jpg","datePublished":"2013-07-09T12:41:08+00:00","dateModified":"2020-06-23T10:50:35+00:00","description":"Das Hotel Madison*** ( vollkommend renoviert) liegt im Herzen von Gabicce Mare in einer sehr ruhigen.","breadcrumb":{"@id":"https:\/\/www.hotel-madison.it\/de\/#breadcrumb"},"inLanguage":"de","potentialAction":[{"@type":"ReadAction","target":["https:\/\/www.hotel-madison.it\/de\/"]}]},{"@type":"ImageObject","inLanguage":"de","@id":"https:\/\/www.hotel-madison.it\/de\/#primaryimage","url":"https:\/\/www.hotel-madison.it\/wp-content\/uploads\/2013\/07\/reception-1.jpg","contentUrl":"https:\/\/www.hotel-madison.it\/wp-content\/uploads\/2013\/07\/reception-1.jpg"},{"@type":"BreadcrumbList","@id":"https:\/\/www.hotel-madison.it\/de\/#breadcrumb","itemListElement":[{"@type":"ListItem","position":1,"name":"Home","item":"https:\/\/www.hotel-madison.it\/de\/"},{"@type":"ListItem","position":2,"name":"3 sterne Hotel Gabicce Mare"}]},{"@type":"WebSite","@id":"https:\/\/www.hotel-madison.it\/#website","url":"https:\/\/www.hotel-madison.it\/","name":"Hotel Madison","description":"Gabicce Mare","potentialAction":[{"@type":"SearchAction","target":{"@type":"EntryPoint","urlTemplate":"https:\/\/www.hotel-madison.it\/?s={search_term_string}"},"query-input":{"@type":"PropertyValueSpecification","valueRequired":true,"valueName":"search_term_string"}}],"inLanguage":"de"}]}},"_links":{"self":[{"href":"https:\/\/www.hotel-madison.it\/de\/wp-json\/wp\/v2\/pages\/738","targetHints":{"allow":["GET"]}}],"collection":[{"href":"https:\/\/www.hotel-madison.it\/de\/wp-json\/wp\/v2\/pages"}],"about":[{"href":"https:\/\/www.hotel-madison.it\/de\/wp-json\/wp\/v2\/types\/page"}],"author":[{"embeddable":true,"href":"https:\/\/www.hotel-madison.it\/de\/wp-json\/wp\/v2\/users\/5"}],"replies":[{"embeddable":true,"href":"https:\/\/www.hotel-madison.it\/de\/wp-json\/wp\/v2\/comments?post=738"}],"version-history":[{"count":0,"href":"https:\/\/www.hotel-madison.it\/de\/wp-json\/wp\/v2\/pages\/738\/revisions"}],"wp:attachment":[{"href":"https:\/\/www.hotel-madison.it\/de\/wp-json\/wp\/v2\/media?parent=738"}],"curies":[{"name":"wp","href":"https:\/\/api.w.org\/{rel}","templated":true}]}}