{"id":750,"date":"2014-04-30T11:33:33","date_gmt":"2014-04-30T09:33:33","guid":{"rendered":"https:\/\/www.hotel-madison.it\/de\/camere-hotel-gabicce\/"},"modified":"2016-05-12T15:34:40","modified_gmt":"2016-05-12T13:34:40","slug":"zimmer-hotel-gabicce","status":"publish","type":"page","link":"https:\/\/www.hotel-madison.it\/de\/zimmer-hotel-gabicce\/","title":{"rendered":"Zimmer"},"content":{"rendered":"<p>Gem\u00fctliche Zimmer modern eingerichtet, mit Badezimmer un F\u00f6n, Direktwahl Telefon, Fernseher-Sat und Radio.<br \/>\nEinige auch mit Verbindungst\u00fcr ideal f\u00fcr Familien. Klimaanlage und Minibar auf Anfrage.<\/p>\n<p>&nbsp;<\/p>\n\n","protected":false},"excerpt":{"rendered":"<p>Gem\u00fctliche Zimmer modern eingerichtet, mit Badezimmer un F\u00f6n, Direktwahl Telefon, Fernseher-Sat und Radio. Einige auch mit Verbindungst\u00fcr ideal f\u00fcr Familien. Klimaanlage und Minibar auf Anfrage. &nbsp;<\/p>\n","protected":false},"author":5,"featured_media":0,"parent":0,"menu_order":0,"comment_status":"closed","ping_status":"closed","template":"","meta":{"_acf_changed":false},"class_list":["post-750","page","type-page","status-publish"],"acf":[],"yoast_head":"<!-- This site is optimized with the Yoast SEO plugin v27.0 - https:\/\/yoast.com\/product\/yoast-seo-wordpress\/ -->\n<title>Hotel Gabicce Mare Zimmer vista mare<\/title>\n<meta name=\"description\" content=\"Gem\u00fctliche Zimmer modern eingerichtet, mit Badezimmer un F\u00f6n, Direktwahl Telefon, Fernseher-Sat und Radio.\" \/>\n<meta name=\"robots\" content=\"index, follow, max-snippet:-1, max-image-preview:large, max-video-preview:-1\" \/>\n<link rel=\"canonical\" href=\"https:\/\/www.hotel-madison.it\/de\/zimmer-hotel-gabicce\/\" \/>\n<meta property=\"og:locale\" content=\"de_DE\" \/>\n<meta property=\"og:type\" content=\"article\" \/>\n<meta property=\"og:title\" content=\"Hotel Gabicce Mare Zimmer vista mare\" \/>\n<meta property=\"og:description\" content=\"Gem\u00fctliche Zimmer modern eingerichtet, mit Badezimmer un F\u00f6n, Direktwahl Telefon, Fernseher-Sat und Radio.\" \/>\n<meta property=\"og:url\" content=\"https:\/\/www.hotel-madison.it\/de\/zimmer-hotel-gabicce\/\" \/>\n<meta property=\"og:site_name\" content=\"Hotel Madison\" \/>\n<meta property=\"article:modified_time\" content=\"2016-05-12T13:34:40+00:00\" \/>\n<meta name=\"twitter:card\" content=\"summary_large_image\" \/>\n<script type=\"application\/ld+json\" class=\"yoast-schema-graph\">{\"@context\":\"https:\/\/schema.org\",\"@graph\":[{\"@type\":\"WebPage\",\"@id\":\"https:\/\/www.hotel-madison.it\/de\/zimmer-hotel-gabicce\/\",\"url\":\"https:\/\/www.hotel-madison.it\/de\/zimmer-hotel-gabicce\/\",\"name\":\"Hotel Gabicce Mare Zimmer vista mare\",\"isPartOf\":{\"@id\":\"https:\/\/www.hotel-madison.it\/#website\"},\"datePublished\":\"2014-04-30T09:33:33+00:00\",\"dateModified\":\"2016-05-12T13:34:40+00:00\",\"description\":\"Gem\u00fctliche Zimmer modern eingerichtet, mit Badezimmer un F\u00f6n, Direktwahl Telefon, Fernseher-Sat und Radio.\",\"breadcrumb\":{\"@id\":\"https:\/\/www.hotel-madison.it\/de\/zimmer-hotel-gabicce\/#breadcrumb\"},\"inLanguage\":\"de\",\"potentialAction\":[{\"@type\":\"ReadAction\",\"target\":[\"https:\/\/www.hotel-madison.it\/de\/zimmer-hotel-gabicce\/\"]}]},{\"@type\":\"BreadcrumbList\",\"@id\":\"https:\/\/www.hotel-madison.it\/de\/zimmer-hotel-gabicce\/#breadcrumb\",\"itemListElement\":[{\"@type\":\"ListItem\",\"position\":1,\"name\":\"Home\",\"item\":\"https:\/\/www.hotel-madison.it\/de\/\"},{\"@type\":\"ListItem\",\"position\":2,\"name\":\"Zimmer\"}]},{\"@type\":\"WebSite\",\"@id\":\"https:\/\/www.hotel-madison.it\/#website\",\"url\":\"https:\/\/www.hotel-madison.it\/\",\"name\":\"Hotel Madison\",\"description\":\"Gabicce Mare\",\"potentialAction\":[{\"@type\":\"SearchAction\",\"target\":{\"@type\":\"EntryPoint\",\"urlTemplate\":\"https:\/\/www.hotel-madison.it\/?s={search_term_string}\"},\"query-input\":{\"@type\":\"PropertyValueSpecification\",\"valueRequired\":true,\"valueName\":\"search_term_string\"}}],\"inLanguage\":\"de\"}]}<\/script>\n<!-- \/ Yoast SEO plugin. -->","yoast_head_json":{"title":"Hotel Gabicce Mare Zimmer vista mare","description":"Gem\u00fctliche Zimmer modern eingerichtet, mit Badezimmer un F\u00f6n, Direktwahl Telefon, Fernseher-Sat und Radio.","robots":{"index":"index","follow":"follow","max-snippet":"max-snippet:-1","max-image-preview":"max-image-preview:large","max-video-preview":"max-video-preview:-1"},"canonical":"https:\/\/www.hotel-madison.it\/de\/zimmer-hotel-gabicce\/","og_locale":"de_DE","og_type":"article","og_title":"Hotel Gabicce Mare Zimmer vista mare","og_description":"Gem\u00fctliche Zimmer modern eingerichtet, mit Badezimmer un F\u00f6n, Direktwahl Telefon, Fernseher-Sat und Radio.","og_url":"https:\/\/www.hotel-madison.it\/de\/zimmer-hotel-gabicce\/","og_site_name":"Hotel Madison","article_modified_time":"2016-05-12T13:34:40+00:00","twitter_card":"summary_large_image","schema":{"@context":"https:\/\/schema.org","@graph":[{"@type":"WebPage","@id":"https:\/\/www.hotel-madison.it\/de\/zimmer-hotel-gabicce\/","url":"https:\/\/www.hotel-madison.it\/de\/zimmer-hotel-gabicce\/","name":"Hotel Gabicce Mare Zimmer vista mare","isPartOf":{"@id":"https:\/\/www.hotel-madison.it\/#website"},"datePublished":"2014-04-30T09:33:33+00:00","dateModified":"2016-05-12T13:34:40+00:00","description":"Gem\u00fctliche Zimmer modern eingerichtet, mit Badezimmer un F\u00f6n, Direktwahl Telefon, Fernseher-Sat und Radio.","breadcrumb":{"@id":"https:\/\/www.hotel-madison.it\/de\/zimmer-hotel-gabicce\/#breadcrumb"},"inLanguage":"de","potentialAction":[{"@type":"ReadAction","target":["https:\/\/www.hotel-madison.it\/de\/zimmer-hotel-gabicce\/"]}]},{"@type":"BreadcrumbList","@id":"https:\/\/www.hotel-madison.it\/de\/zimmer-hotel-gabicce\/#breadcrumb","itemListElement":[{"@type":"ListItem","position":1,"name":"Home","item":"https:\/\/www.hotel-madison.it\/de\/"},{"@type":"ListItem","position":2,"name":"Zimmer"}]},{"@type":"WebSite","@id":"https:\/\/www.hotel-madison.it\/#website","url":"https:\/\/www.hotel-madison.it\/","name":"Hotel Madison","description":"Gabicce Mare","potentialAction":[{"@type":"SearchAction","target":{"@type":"EntryPoint","urlTemplate":"https:\/\/www.hotel-madison.it\/?s={search_term_string}"},"query-input":{"@type":"PropertyValueSpecification","valueRequired":true,"valueName":"search_term_string"}}],"inLanguage":"de"}]}},"_links":{"self":[{"href":"https:\/\/www.hotel-madison.it\/de\/wp-json\/wp\/v2\/pages\/750","targetHints":{"allow":["GET"]}}],"collection":[{"href":"https:\/\/www.hotel-madison.it\/de\/wp-json\/wp\/v2\/pages"}],"about":[{"href":"https:\/\/www.hotel-madison.it\/de\/wp-json\/wp\/v2\/types\/page"}],"author":[{"embeddable":true,"href":"https:\/\/www.hotel-madison.it\/de\/wp-json\/wp\/v2\/users\/5"}],"replies":[{"embeddable":true,"href":"https:\/\/www.hotel-madison.it\/de\/wp-json\/wp\/v2\/comments?post=750"}],"version-history":[{"count":0,"href":"https:\/\/www.hotel-madison.it\/de\/wp-json\/wp\/v2\/pages\/750\/revisions"}],"wp:attachment":[{"href":"https:\/\/www.hotel-madison.it\/de\/wp-json\/wp\/v2\/media?parent=750"}],"curies":[{"name":"wp","href":"https:\/\/api.w.org\/{rel}","templated":true}]}}