{"id":755,"date":"2016-04-22T12:42:13","date_gmt":"2016-04-22T10:42:13","guid":{"rendered":"https:\/\/www.hotel-madison.it\/de\/hotel-parcheggio-gabicce\/"},"modified":"2023-12-22T09:53:54","modified_gmt":"2023-12-22T08:53:54","slug":"hotel-service-gabicce","status":"publish","type":"page","link":"https:\/\/www.hotel-madison.it\/de\/hotel-service-gabicce\/","title":{"rendered":"Service"},"content":{"rendered":"<h2>Madison Village &#8230; Betreten Sie das Hotel und atmen Sie sofort die Luft von zu Hause.<\/h2>\n<p>An der Rezeption hei\u00dfen wir Sie herzlich willkommen und wir zeigen Ihnen gerne, was wir zu bieten haben.<\/p>\n<p>Die Leidenschaft f\u00fcr Gastfreundschaft ist die entscheidende Kraft, die uns leitet, wir m\u00f6chten Ihren Aufenthalt unvergesslich machen, so dass Sie sagen k\u00f6nnen, dass Madison Village wirklich der richtige Ort f\u00fcr Sie ist. Wir machen Ihren Aufenthalt besonders dank:<\/p>\n<ul>\n<li>Zimmer mit eigenem Bad, Haartrockner, Telefon, Flachbild-TV, Safe und Balkon<\/li>\n<li>Zimmer mit Verbindungst\u00fcr f\u00fcr Familien mit Kindern<\/li>\n<li>Klimaanlage und Minibar auf Anfrage<\/li>\n<li>Komfortables Wohnzimmer mit TV-Ecke und eine gut best\u00fcckte Bar<\/li>\n<li>Besonderes Augenmerk auf die K\u00fcche mit frischem Fleisch und Fisch, Buffet mit Vorspeisen und Desserts &#8211; entdecken Sie die Arten des Geschmacks!<\/li>\n<li>S\u00fc\u00dfes und herzhaftes Fr\u00fchst\u00fccksbuffet<\/li>\n<li>Animation und Spielecke f\u00fcr Kinder &#8211; entdecken Sie die Details!<\/li>\n<li>Themenabende<\/li>\n<li>Kostenloser Internet Point und WI-FI<\/li>\n<li>Fahrr\u00e4der zur freien Benutzung<\/li>\n<li>Privater \u00fcberdachter und eingez\u00e4unter Parkplatz ein paar Schritte vom Hotel entfernt. M\u00f6glichkeit der Garage auf Anfrage.<\/li>\n<\/ul>\n<h3>Was glaubst du haben wir dich \u00fcberzeugt?<\/h3>\n","protected":false},"excerpt":{"rendered":"<p>Madison Village &#8230; Betreten Sie das Hotel und atmen Sie sofort die Luft von zu Hause. An der Rezeption hei\u00dfen wir Sie herzlich willkommen und wir zeigen Ihnen gerne, was wir zu bieten haben. Die Leidenschaft f\u00fcr Gastfreundschaft ist die entscheidende Kraft, die uns leitet, wir m\u00f6chten Ihren Aufenthalt unvergesslich machen, so dass Sie sagen [&hellip;]<\/p>\n","protected":false},"author":5,"featured_media":0,"parent":0,"menu_order":0,"comment_status":"closed","ping_status":"closed","template":"","meta":{"_acf_changed":false},"class_list":["post-755","page","type-page","status-publish"],"acf":[],"yoast_head":"<!-- This site is optimized with the Yoast SEO plugin v27.0 - https:\/\/yoast.com\/product\/yoast-seo-wordpress\/ -->\n<title>Gabicce mare italien hotel - Hotel Gabicce mare it - Madison ***<\/title>\n<meta name=\"description\" content=\"Die besonders gepflegte, gesunde K\u00fcche bietet regionale, italienische und internationale Spezialit\u00e4ten an, und wird durch ein frisches Salat-und Beilagen-b\u00fcffett bei jeder Mahlzeit bereichert.\" \/>\n<meta name=\"robots\" content=\"index, follow, max-snippet:-1, max-image-preview:large, max-video-preview:-1\" \/>\n<link rel=\"canonical\" href=\"https:\/\/www.hotel-madison.it\/de\/hotel-service-gabicce\/\" \/>\n<meta property=\"og:locale\" content=\"de_DE\" \/>\n<meta property=\"og:type\" content=\"article\" \/>\n<meta property=\"og:title\" content=\"Gabicce mare italien hotel - Hotel Gabicce mare it - Madison ***\" \/>\n<meta property=\"og:description\" content=\"Die besonders gepflegte, gesunde K\u00fcche bietet regionale, italienische und internationale Spezialit\u00e4ten an, und wird durch ein frisches Salat-und Beilagen-b\u00fcffett bei jeder Mahlzeit bereichert.\" \/>\n<meta property=\"og:url\" content=\"https:\/\/www.hotel-madison.it\/de\/hotel-service-gabicce\/\" \/>\n<meta property=\"og:site_name\" content=\"Hotel Madison\" \/>\n<meta property=\"article:modified_time\" content=\"2023-12-22T08:53:54+00:00\" \/>\n<meta name=\"twitter:card\" content=\"summary_large_image\" \/>\n<meta name=\"twitter:label1\" content=\"Gesch\u00e4tzte Lesezeit\" \/>\n\t<meta name=\"twitter:data1\" content=\"1\u00a0Minute\" \/>\n<script type=\"application\/ld+json\" class=\"yoast-schema-graph\">{\"@context\":\"https:\/\/schema.org\",\"@graph\":[{\"@type\":\"WebPage\",\"@id\":\"https:\/\/www.hotel-madison.it\/de\/hotel-service-gabicce\/\",\"url\":\"https:\/\/www.hotel-madison.it\/de\/hotel-service-gabicce\/\",\"name\":\"Gabicce mare italien hotel - Hotel Gabicce mare it - Madison ***\",\"isPartOf\":{\"@id\":\"https:\/\/www.hotel-madison.it\/#website\"},\"datePublished\":\"2016-04-22T10:42:13+00:00\",\"dateModified\":\"2023-12-22T08:53:54+00:00\",\"description\":\"Die besonders gepflegte, gesunde K\u00fcche bietet regionale, italienische und internationale Spezialit\u00e4ten an, und wird durch ein frisches Salat-und Beilagen-b\u00fcffett bei jeder Mahlzeit bereichert.\",\"breadcrumb\":{\"@id\":\"https:\/\/www.hotel-madison.it\/de\/hotel-service-gabicce\/#breadcrumb\"},\"inLanguage\":\"de\",\"potentialAction\":[{\"@type\":\"ReadAction\",\"target\":[\"https:\/\/www.hotel-madison.it\/de\/hotel-service-gabicce\/\"]}]},{\"@type\":\"BreadcrumbList\",\"@id\":\"https:\/\/www.hotel-madison.it\/de\/hotel-service-gabicce\/#breadcrumb\",\"itemListElement\":[{\"@type\":\"ListItem\",\"position\":1,\"name\":\"Home\",\"item\":\"https:\/\/www.hotel-madison.it\/de\/\"},{\"@type\":\"ListItem\",\"position\":2,\"name\":\"Service\"}]},{\"@type\":\"WebSite\",\"@id\":\"https:\/\/www.hotel-madison.it\/#website\",\"url\":\"https:\/\/www.hotel-madison.it\/\",\"name\":\"Hotel Madison\",\"description\":\"Gabicce Mare\",\"potentialAction\":[{\"@type\":\"SearchAction\",\"target\":{\"@type\":\"EntryPoint\",\"urlTemplate\":\"https:\/\/www.hotel-madison.it\/?s={search_term_string}\"},\"query-input\":{\"@type\":\"PropertyValueSpecification\",\"valueRequired\":true,\"valueName\":\"search_term_string\"}}],\"inLanguage\":\"de\"}]}<\/script>\n<!-- \/ Yoast SEO plugin. -->","yoast_head_json":{"title":"Gabicce mare italien hotel - Hotel Gabicce mare it - Madison ***","description":"Die besonders gepflegte, gesunde K\u00fcche bietet regionale, italienische und internationale Spezialit\u00e4ten an, und wird durch ein frisches Salat-und Beilagen-b\u00fcffett bei jeder Mahlzeit bereichert.","robots":{"index":"index","follow":"follow","max-snippet":"max-snippet:-1","max-image-preview":"max-image-preview:large","max-video-preview":"max-video-preview:-1"},"canonical":"https:\/\/www.hotel-madison.it\/de\/hotel-service-gabicce\/","og_locale":"de_DE","og_type":"article","og_title":"Gabicce mare italien hotel - Hotel Gabicce mare it - Madison ***","og_description":"Die besonders gepflegte, gesunde K\u00fcche bietet regionale, italienische und internationale Spezialit\u00e4ten an, und wird durch ein frisches Salat-und Beilagen-b\u00fcffett bei jeder Mahlzeit bereichert.","og_url":"https:\/\/www.hotel-madison.it\/de\/hotel-service-gabicce\/","og_site_name":"Hotel Madison","article_modified_time":"2023-12-22T08:53:54+00:00","twitter_card":"summary_large_image","twitter_misc":{"Gesch\u00e4tzte Lesezeit":"1\u00a0Minute"},"schema":{"@context":"https:\/\/schema.org","@graph":[{"@type":"WebPage","@id":"https:\/\/www.hotel-madison.it\/de\/hotel-service-gabicce\/","url":"https:\/\/www.hotel-madison.it\/de\/hotel-service-gabicce\/","name":"Gabicce mare italien hotel - Hotel Gabicce mare it - Madison ***","isPartOf":{"@id":"https:\/\/www.hotel-madison.it\/#website"},"datePublished":"2016-04-22T10:42:13+00:00","dateModified":"2023-12-22T08:53:54+00:00","description":"Die besonders gepflegte, gesunde K\u00fcche bietet regionale, italienische und internationale Spezialit\u00e4ten an, und wird durch ein frisches Salat-und Beilagen-b\u00fcffett bei jeder Mahlzeit bereichert.","breadcrumb":{"@id":"https:\/\/www.hotel-madison.it\/de\/hotel-service-gabicce\/#breadcrumb"},"inLanguage":"de","potentialAction":[{"@type":"ReadAction","target":["https:\/\/www.hotel-madison.it\/de\/hotel-service-gabicce\/"]}]},{"@type":"BreadcrumbList","@id":"https:\/\/www.hotel-madison.it\/de\/hotel-service-gabicce\/#breadcrumb","itemListElement":[{"@type":"ListItem","position":1,"name":"Home","item":"https:\/\/www.hotel-madison.it\/de\/"},{"@type":"ListItem","position":2,"name":"Service"}]},{"@type":"WebSite","@id":"https:\/\/www.hotel-madison.it\/#website","url":"https:\/\/www.hotel-madison.it\/","name":"Hotel Madison","description":"Gabicce Mare","potentialAction":[{"@type":"SearchAction","target":{"@type":"EntryPoint","urlTemplate":"https:\/\/www.hotel-madison.it\/?s={search_term_string}"},"query-input":{"@type":"PropertyValueSpecification","valueRequired":true,"valueName":"search_term_string"}}],"inLanguage":"de"}]}},"_links":{"self":[{"href":"https:\/\/www.hotel-madison.it\/de\/wp-json\/wp\/v2\/pages\/755","targetHints":{"allow":["GET"]}}],"collection":[{"href":"https:\/\/www.hotel-madison.it\/de\/wp-json\/wp\/v2\/pages"}],"about":[{"href":"https:\/\/www.hotel-madison.it\/de\/wp-json\/wp\/v2\/types\/page"}],"author":[{"embeddable":true,"href":"https:\/\/www.hotel-madison.it\/de\/wp-json\/wp\/v2\/users\/5"}],"replies":[{"embeddable":true,"href":"https:\/\/www.hotel-madison.it\/de\/wp-json\/wp\/v2\/comments?post=755"}],"version-history":[{"count":0,"href":"https:\/\/www.hotel-madison.it\/de\/wp-json\/wp\/v2\/pages\/755\/revisions"}],"wp:attachment":[{"href":"https:\/\/www.hotel-madison.it\/de\/wp-json\/wp\/v2\/media?parent=755"}],"curies":[{"name":"wp","href":"https:\/\/api.w.org\/{rel}","templated":true}]}}