{"id":1413,"date":"2019-05-27T12:07:42","date_gmt":"2019-05-27T10:07:42","guid":{"rendered":"https:\/\/www.hotel-madison.it\/dati-societari\/"},"modified":"2023-07-11T18:09:12","modified_gmt":"2023-07-11T16:09:12","slug":"company-data","status":"publish","type":"page","link":"https:\/\/www.hotel-madison.it\/fr\/company-data\/","title":{"rendered":"Company data"},"content":{"rendered":"<p>Denominazione e ragione sociale: \u00a0<strong>Silvagni Atus Domenico Snc<\/strong><br \/>\nSede legale: <strong>Gabicce Mare<\/strong> &#8211;\u00a0<strong> Circonvallazione 16 Cap 61011<\/strong><br \/>\nUfficio registro delle imprese: \u00a0<strong>IT01110830419<\/strong><br \/>\nData atto costituzione:<strong> 18\/05\/2023<\/strong><br \/>\nData di iscrizione: <strong>18\/05\/2023<\/strong><br \/>\nCapitale sociale: <strong>\/<\/strong><br \/>\nCodice Fiscale: <strong>\/<\/strong><br \/>\nPartita IVA: <strong>IT01110830419<\/strong><br \/>\nPosta elettronica certificata (PEC): <strong>SILVAGNISNC@PEC.IT<\/strong><br \/>\nUfficio del Registro dove si \u00e8 iscritti:<strong> MARCHE<\/strong><br \/>\nNumero Repertorio economico amministrativo (Rea): <strong>PS \u2013110862<br \/>\n<\/strong>Capitale in bilancio (societ\u00e0 di capitali): \/<br \/>\nEventuale liquidazione in seguito a scioglimento: \/<br \/>\nEventuale stato di societ\u00e0 con unico socio (Spa e Srl unipersonali): <strong>\/<\/strong><br \/>\nSociet\u00e0 o ente alla cui attivit\u00e0 di direzione e di coordinamento la societ\u00e0 \u00e8 soggetta (art. 2497-bis c.c.):<strong> \/<\/strong><\/p>\n","protected":false},"excerpt":{"rendered":"<p>Denominazione e ragione sociale: \u00a0Silvagni Atus Domenico Snc Sede legale: Gabicce Mare &#8211;\u00a0 Circonvallazione 16 Cap 61011 Ufficio registro delle imprese: \u00a0IT01110830419 Data atto costituzione: 18\/05\/2023 Data di iscrizione: 18\/05\/2023 Capitale sociale: \/ Codice Fiscale: \/ Partita IVA: IT01110830419 Posta elettronica certificata (PEC): SILVAGNISNC@PEC.IT Ufficio del Registro dove si \u00e8 iscritti: MARCHE Numero Repertorio economico [&hellip;]<\/p>\n","protected":false},"author":5,"featured_media":0,"parent":0,"menu_order":0,"comment_status":"closed","ping_status":"closed","template":"","meta":{"_acf_changed":false},"class_list":["post-1413","page","type-page","status-publish"],"acf":[],"yoast_head":"<!-- This site is optimized with the Yoast SEO plugin v27.0 - https:\/\/yoast.com\/product\/yoast-seo-wordpress\/ -->\n<title>Company data | Hotel Madison<\/title>\n<meta name=\"robots\" content=\"noindex, follow\" \/>\n<meta property=\"og:locale\" content=\"fr_FR\" \/>\n<meta property=\"og:type\" content=\"article\" \/>\n<meta property=\"og:title\" content=\"Company data | Hotel Madison\" \/>\n<meta property=\"og:description\" content=\"Denominazione e ragione sociale: \u00a0Silvagni Atus Domenico Snc Sede legale: Gabicce Mare &#8211;\u00a0 Circonvallazione 16 Cap 61011 Ufficio registro delle imprese: \u00a0IT01110830419 Data atto costituzione: 18\/05\/2023 Data di iscrizione: 18\/05\/2023 Capitale sociale: \/ Codice Fiscale: \/ Partita IVA: IT01110830419 Posta elettronica certificata (PEC): SILVAGNISNC@PEC.IT Ufficio del Registro dove si \u00e8 iscritti: MARCHE Numero Repertorio economico [&hellip;]\" \/>\n<meta property=\"og:url\" content=\"https:\/\/www.hotel-madison.it\/fr\/company-data\/\" \/>\n<meta property=\"og:site_name\" content=\"Hotel Madison\" \/>\n<meta property=\"article:modified_time\" content=\"2023-07-11T16:09:12+00:00\" \/>\n<meta name=\"twitter:card\" content=\"summary_large_image\" \/>\n<script type=\"application\/ld+json\" class=\"yoast-schema-graph\">{\"@context\":\"https:\/\/schema.org\",\"@graph\":[{\"@type\":\"WebPage\",\"@id\":\"https:\/\/www.hotel-madison.it\/fr\/company-data\/\",\"url\":\"https:\/\/www.hotel-madison.it\/fr\/company-data\/\",\"name\":\"Company data | Hotel Madison\",\"isPartOf\":{\"@id\":\"https:\/\/www.hotel-madison.it\/#website\"},\"datePublished\":\"2019-05-27T10:07:42+00:00\",\"dateModified\":\"2023-07-11T16:09:12+00:00\",\"breadcrumb\":{\"@id\":\"https:\/\/www.hotel-madison.it\/fr\/company-data\/#breadcrumb\"},\"inLanguage\":\"fr-FR\",\"potentialAction\":[{\"@type\":\"ReadAction\",\"target\":[\"https:\/\/www.hotel-madison.it\/fr\/company-data\/\"]}]},{\"@type\":\"BreadcrumbList\",\"@id\":\"https:\/\/www.hotel-madison.it\/fr\/company-data\/#breadcrumb\",\"itemListElement\":[{\"@type\":\"ListItem\",\"position\":1,\"name\":\"Home\",\"item\":\"https:\/\/www.hotel-madison.it\/fr\/\"},{\"@type\":\"ListItem\",\"position\":2,\"name\":\"Company data\"}]},{\"@type\":\"WebSite\",\"@id\":\"https:\/\/www.hotel-madison.it\/#website\",\"url\":\"https:\/\/www.hotel-madison.it\/\",\"name\":\"Hotel Madison\",\"description\":\"Gabicce Mare\",\"potentialAction\":[{\"@type\":\"SearchAction\",\"target\":{\"@type\":\"EntryPoint\",\"urlTemplate\":\"https:\/\/www.hotel-madison.it\/?s={search_term_string}\"},\"query-input\":{\"@type\":\"PropertyValueSpecification\",\"valueRequired\":true,\"valueName\":\"search_term_string\"}}],\"inLanguage\":\"fr-FR\"}]}<\/script>\n<!-- \/ Yoast SEO plugin. -->","yoast_head_json":{"title":"Company data | Hotel Madison","robots":{"index":"noindex","follow":"follow"},"og_locale":"fr_FR","og_type":"article","og_title":"Company data | Hotel Madison","og_description":"Denominazione e ragione sociale: \u00a0Silvagni Atus Domenico Snc Sede legale: Gabicce Mare &#8211;\u00a0 Circonvallazione 16 Cap 61011 Ufficio registro delle imprese: \u00a0IT01110830419 Data atto costituzione: 18\/05\/2023 Data di iscrizione: 18\/05\/2023 Capitale sociale: \/ Codice Fiscale: \/ Partita IVA: IT01110830419 Posta elettronica certificata (PEC): SILVAGNISNC@PEC.IT Ufficio del Registro dove si \u00e8 iscritti: MARCHE Numero Repertorio economico [&hellip;]","og_url":"https:\/\/www.hotel-madison.it\/fr\/company-data\/","og_site_name":"Hotel Madison","article_modified_time":"2023-07-11T16:09:12+00:00","twitter_card":"summary_large_image","schema":{"@context":"https:\/\/schema.org","@graph":[{"@type":"WebPage","@id":"https:\/\/www.hotel-madison.it\/fr\/company-data\/","url":"https:\/\/www.hotel-madison.it\/fr\/company-data\/","name":"Company data | Hotel Madison","isPartOf":{"@id":"https:\/\/www.hotel-madison.it\/#website"},"datePublished":"2019-05-27T10:07:42+00:00","dateModified":"2023-07-11T16:09:12+00:00","breadcrumb":{"@id":"https:\/\/www.hotel-madison.it\/fr\/company-data\/#breadcrumb"},"inLanguage":"fr-FR","potentialAction":[{"@type":"ReadAction","target":["https:\/\/www.hotel-madison.it\/fr\/company-data\/"]}]},{"@type":"BreadcrumbList","@id":"https:\/\/www.hotel-madison.it\/fr\/company-data\/#breadcrumb","itemListElement":[{"@type":"ListItem","position":1,"name":"Home","item":"https:\/\/www.hotel-madison.it\/fr\/"},{"@type":"ListItem","position":2,"name":"Company data"}]},{"@type":"WebSite","@id":"https:\/\/www.hotel-madison.it\/#website","url":"https:\/\/www.hotel-madison.it\/","name":"Hotel Madison","description":"Gabicce Mare","potentialAction":[{"@type":"SearchAction","target":{"@type":"EntryPoint","urlTemplate":"https:\/\/www.hotel-madison.it\/?s={search_term_string}"},"query-input":{"@type":"PropertyValueSpecification","valueRequired":true,"valueName":"search_term_string"}}],"inLanguage":"fr-FR"}]}},"_links":{"self":[{"href":"https:\/\/www.hotel-madison.it\/fr\/wp-json\/wp\/v2\/pages\/1413","targetHints":{"allow":["GET"]}}],"collection":[{"href":"https:\/\/www.hotel-madison.it\/fr\/wp-json\/wp\/v2\/pages"}],"about":[{"href":"https:\/\/www.hotel-madison.it\/fr\/wp-json\/wp\/v2\/types\/page"}],"author":[{"embeddable":true,"href":"https:\/\/www.hotel-madison.it\/fr\/wp-json\/wp\/v2\/users\/5"}],"replies":[{"embeddable":true,"href":"https:\/\/www.hotel-madison.it\/fr\/wp-json\/wp\/v2\/comments?post=1413"}],"version-history":[{"count":0,"href":"https:\/\/www.hotel-madison.it\/fr\/wp-json\/wp\/v2\/pages\/1413\/revisions"}],"wp:attachment":[{"href":"https:\/\/www.hotel-madison.it\/fr\/wp-json\/wp\/v2\/media?parent=1413"}],"curies":[{"name":"wp","href":"https:\/\/api.w.org\/{rel}","templated":true}]}}