{"id":737,"date":"2013-07-09T12:41:08","date_gmt":"2013-07-09T12:41:08","guid":{"rendered":"https:\/\/www.hotel-madison.it\/fr\/hotel-3-stelle-gabicce-mare\/"},"modified":"2020-06-23T12:55:56","modified_gmt":"2020-06-23T10:55:56","slug":"hotel-3-etoile-gabicce-mare","status":"publish","type":"page","link":"https:\/\/www.hotel-madison.it\/fr\/","title":{"rendered":"H\u00f4tel 3  \u00c9toile \u00e0 Gabicce Mare"},"content":{"rendered":"<h2>Bienvenue a l&rsquo;h\u00f4tel Madison, Gabicce mare<\/h2>\n<p><img loading=\"lazy\" decoding=\"async\" class=\"alignnone size-full wp-image-574\" src=\"https:\/\/www.hotel-madison.it\/wp-content\/uploads\/2013\/07\/reception-1.jpg\" alt=\"reception\" width=\"609\" height=\"334\" data-big-size=\"609x334\" \/><\/p>\n<p>L&rsquo; H\u00f4tel Madison*** compl\u00e9tement renov\u00e9, est situ\u00e9 au coeur de <strong>Gabicce Mare<\/strong> dans une partie tranquille \u00e0 quelques pas de la mer, et dispose \u00e0 partir de la saison 2004 des ult\u00e9rieurs conforts et nouveaut\u00e9es, qui font de notre maison un des meilleurs H\u00f4tels de la ville. Un nouvel ascenseur tr\u00e8s rapide arrive jusq&rsquo;\u00e0 la terrasse-solarium au dernier \u00e9tage, avec une vue magnifique \u00e0 360\u00b0 de la baie et des collines.<br \/>\nCoffre-fort individuel (gratuit) disponible \u00e0 la r\u00e9ception. Chauffage central pour les P\u00e2ques. Accueillant salon pour la lecture et conversation, avec TV-Sat et un bar tr\u00e8s bien forn\u00ec. Dans le restaurant agrandi et climatis\u00e9, sont servis tous les jours un invitant petit-d\u00e9jeuner au buffet, menus au choix avec specialit\u00e9es de poisson at buffet de salades et l\u00e9gumes frais \u00e0 chaque repas. <strong>Parking priv\u00e9 (gratuit)<\/strong> cl\u00f4tur\u00e9 et garage sur d\u00e9mande. A disposition de nos clients aussi la piscine panoramique et l&rsquo;hydromassage de l&rsquo;H\u00f4tel Napoleon. Ouvert de Mai \u00e0 Septembre. G\u00e9r\u00e9 avec passion et comp\u00e9tence par les propri\u00e9taires: <strong>Famille Silvagni. <\/strong><\/p>\n<p>&nbsp;<\/p>\n","protected":false},"excerpt":{"rendered":"<p>Bienvenue a l&rsquo;h\u00f4tel Madison, Gabicce mare L&rsquo; H\u00f4tel Madison*** compl\u00e9tement renov\u00e9, est situ\u00e9 au coeur de Gabicce Mare dans une partie tranquille \u00e0 quelques pas de la mer, et dispose \u00e0 partir de la saison 2004 des ult\u00e9rieurs conforts et nouveaut\u00e9es, qui font de notre maison un des meilleurs H\u00f4tels de la ville. Un nouvel [&hellip;]<\/p>\n","protected":false},"author":5,"featured_media":0,"parent":0,"menu_order":3,"comment_status":"closed","ping_status":"closed","template":"","meta":{"_acf_changed":false},"class_list":["post-737","page","type-page","status-publish"],"acf":[],"yoast_head":"<!-- This site is optimized with the Yoast SEO plugin v27.0 - https:\/\/yoast.com\/product\/yoast-seo-wordpress\/ -->\n<title>italy hotels adria - voyage pour famille - H\u00f4tel Madison<\/title>\n<meta name=\"description\" content=\"L&#039;H\u00f4tel Madison *** compl\u00e9tement renov\u00e9 cette ann\u00e9e, est situ\u00e9 au coeur de Gabicce Mare dans une partie tranquille \u00e0 quelques pas de la mer, et dispose \u00e0 partir de la saison 2004\" \/>\n<meta name=\"robots\" content=\"index, follow, max-snippet:-1, max-image-preview:large, max-video-preview:-1\" \/>\n<link rel=\"canonical\" href=\"https:\/\/www.hotel-madison.it\/fr\/\" \/>\n<meta property=\"og:locale\" content=\"fr_FR\" \/>\n<meta property=\"og:type\" content=\"article\" \/>\n<meta property=\"og:title\" content=\"italy hotels adria - voyage pour famille - H\u00f4tel Madison\" \/>\n<meta property=\"og:description\" content=\"L&#039;H\u00f4tel Madison *** compl\u00e9tement renov\u00e9 cette ann\u00e9e, est situ\u00e9 au coeur de Gabicce Mare dans une partie tranquille \u00e0 quelques pas de la mer, et dispose \u00e0 partir de la saison 2004\" \/>\n<meta property=\"og:url\" content=\"https:\/\/www.hotel-madison.it\/fr\/\" \/>\n<meta property=\"og:site_name\" content=\"Hotel Madison\" \/>\n<meta property=\"article:modified_time\" content=\"2020-06-23T10:55:56+00:00\" \/>\n<meta property=\"og:image\" content=\"https:\/\/www.hotel-madison.it\/wp-content\/uploads\/2013\/07\/reception-1.jpg\" \/>\n<meta name=\"twitter:card\" content=\"summary_large_image\" \/>\n<meta name=\"twitter:label1\" content=\"Dur\u00e9e de lecture estim\u00e9e\" \/>\n\t<meta name=\"twitter:data1\" content=\"1 minute\" \/>\n<script type=\"application\/ld+json\" class=\"yoast-schema-graph\">{\"@context\":\"https:\/\/schema.org\",\"@graph\":[{\"@type\":\"WebPage\",\"@id\":\"https:\/\/www.hotel-madison.it\/fr\/\",\"url\":\"https:\/\/www.hotel-madison.it\/fr\/\",\"name\":\"italy hotels adria - voyage pour famille - H\u00f4tel Madison\",\"isPartOf\":{\"@id\":\"https:\/\/www.hotel-madison.it\/#website\"},\"primaryImageOfPage\":{\"@id\":\"https:\/\/www.hotel-madison.it\/fr\/#primaryimage\"},\"image\":{\"@id\":\"https:\/\/www.hotel-madison.it\/fr\/#primaryimage\"},\"thumbnailUrl\":\"https:\/\/www.hotel-madison.it\/wp-content\/uploads\/2013\/07\/reception-1.jpg\",\"datePublished\":\"2013-07-09T12:41:08+00:00\",\"dateModified\":\"2020-06-23T10:55:56+00:00\",\"description\":\"L'H\u00f4tel Madison *** compl\u00e9tement renov\u00e9 cette ann\u00e9e, est situ\u00e9 au coeur de Gabicce Mare dans une partie tranquille \u00e0 quelques pas de la mer, et dispose \u00e0 partir de la saison 2004\",\"breadcrumb\":{\"@id\":\"https:\/\/www.hotel-madison.it\/fr\/#breadcrumb\"},\"inLanguage\":\"fr-FR\",\"potentialAction\":[{\"@type\":\"ReadAction\",\"target\":[\"https:\/\/www.hotel-madison.it\/fr\/\"]}]},{\"@type\":\"ImageObject\",\"inLanguage\":\"fr-FR\",\"@id\":\"https:\/\/www.hotel-madison.it\/fr\/#primaryimage\",\"url\":\"https:\/\/www.hotel-madison.it\/wp-content\/uploads\/2013\/07\/reception-1.jpg\",\"contentUrl\":\"https:\/\/www.hotel-madison.it\/wp-content\/uploads\/2013\/07\/reception-1.jpg\"},{\"@type\":\"BreadcrumbList\",\"@id\":\"https:\/\/www.hotel-madison.it\/fr\/#breadcrumb\",\"itemListElement\":[{\"@type\":\"ListItem\",\"position\":1,\"name\":\"Home\",\"item\":\"https:\/\/www.hotel-madison.it\/fr\/\"},{\"@type\":\"ListItem\",\"position\":2,\"name\":\"H\u00f4tel 3 \u00c9toile \u00e0 Gabicce Mare\"}]},{\"@type\":\"WebSite\",\"@id\":\"https:\/\/www.hotel-madison.it\/#website\",\"url\":\"https:\/\/www.hotel-madison.it\/\",\"name\":\"Hotel Madison\",\"description\":\"Gabicce Mare\",\"potentialAction\":[{\"@type\":\"SearchAction\",\"target\":{\"@type\":\"EntryPoint\",\"urlTemplate\":\"https:\/\/www.hotel-madison.it\/?s={search_term_string}\"},\"query-input\":{\"@type\":\"PropertyValueSpecification\",\"valueRequired\":true,\"valueName\":\"search_term_string\"}}],\"inLanguage\":\"fr-FR\"}]}<\/script>\n<!-- \/ Yoast SEO plugin. -->","yoast_head_json":{"title":"italy hotels adria - voyage pour famille - H\u00f4tel Madison","description":"L'H\u00f4tel Madison *** compl\u00e9tement renov\u00e9 cette ann\u00e9e, est situ\u00e9 au coeur de Gabicce Mare dans une partie tranquille \u00e0 quelques pas de la mer, et dispose \u00e0 partir de la saison 2004","robots":{"index":"index","follow":"follow","max-snippet":"max-snippet:-1","max-image-preview":"max-image-preview:large","max-video-preview":"max-video-preview:-1"},"canonical":"https:\/\/www.hotel-madison.it\/fr\/","og_locale":"fr_FR","og_type":"article","og_title":"italy hotels adria - voyage pour famille - H\u00f4tel Madison","og_description":"L'H\u00f4tel Madison *** compl\u00e9tement renov\u00e9 cette ann\u00e9e, est situ\u00e9 au coeur de Gabicce Mare dans une partie tranquille \u00e0 quelques pas de la mer, et dispose \u00e0 partir de la saison 2004","og_url":"https:\/\/www.hotel-madison.it\/fr\/","og_site_name":"Hotel Madison","article_modified_time":"2020-06-23T10:55:56+00:00","og_image":[{"url":"https:\/\/www.hotel-madison.it\/wp-content\/uploads\/2013\/07\/reception-1.jpg","type":"","width":"","height":""}],"twitter_card":"summary_large_image","twitter_misc":{"Dur\u00e9e de lecture estim\u00e9e":"1 minute"},"schema":{"@context":"https:\/\/schema.org","@graph":[{"@type":"WebPage","@id":"https:\/\/www.hotel-madison.it\/fr\/","url":"https:\/\/www.hotel-madison.it\/fr\/","name":"italy hotels adria - voyage pour famille - H\u00f4tel Madison","isPartOf":{"@id":"https:\/\/www.hotel-madison.it\/#website"},"primaryImageOfPage":{"@id":"https:\/\/www.hotel-madison.it\/fr\/#primaryimage"},"image":{"@id":"https:\/\/www.hotel-madison.it\/fr\/#primaryimage"},"thumbnailUrl":"https:\/\/www.hotel-madison.it\/wp-content\/uploads\/2013\/07\/reception-1.jpg","datePublished":"2013-07-09T12:41:08+00:00","dateModified":"2020-06-23T10:55:56+00:00","description":"L'H\u00f4tel Madison *** compl\u00e9tement renov\u00e9 cette ann\u00e9e, est situ\u00e9 au coeur de Gabicce Mare dans une partie tranquille \u00e0 quelques pas de la mer, et dispose \u00e0 partir de la saison 2004","breadcrumb":{"@id":"https:\/\/www.hotel-madison.it\/fr\/#breadcrumb"},"inLanguage":"fr-FR","potentialAction":[{"@type":"ReadAction","target":["https:\/\/www.hotel-madison.it\/fr\/"]}]},{"@type":"ImageObject","inLanguage":"fr-FR","@id":"https:\/\/www.hotel-madison.it\/fr\/#primaryimage","url":"https:\/\/www.hotel-madison.it\/wp-content\/uploads\/2013\/07\/reception-1.jpg","contentUrl":"https:\/\/www.hotel-madison.it\/wp-content\/uploads\/2013\/07\/reception-1.jpg"},{"@type":"BreadcrumbList","@id":"https:\/\/www.hotel-madison.it\/fr\/#breadcrumb","itemListElement":[{"@type":"ListItem","position":1,"name":"Home","item":"https:\/\/www.hotel-madison.it\/fr\/"},{"@type":"ListItem","position":2,"name":"H\u00f4tel 3 \u00c9toile \u00e0 Gabicce Mare"}]},{"@type":"WebSite","@id":"https:\/\/www.hotel-madison.it\/#website","url":"https:\/\/www.hotel-madison.it\/","name":"Hotel Madison","description":"Gabicce Mare","potentialAction":[{"@type":"SearchAction","target":{"@type":"EntryPoint","urlTemplate":"https:\/\/www.hotel-madison.it\/?s={search_term_string}"},"query-input":{"@type":"PropertyValueSpecification","valueRequired":true,"valueName":"search_term_string"}}],"inLanguage":"fr-FR"}]}},"_links":{"self":[{"href":"https:\/\/www.hotel-madison.it\/fr\/wp-json\/wp\/v2\/pages\/737","targetHints":{"allow":["GET"]}}],"collection":[{"href":"https:\/\/www.hotel-madison.it\/fr\/wp-json\/wp\/v2\/pages"}],"about":[{"href":"https:\/\/www.hotel-madison.it\/fr\/wp-json\/wp\/v2\/types\/page"}],"author":[{"embeddable":true,"href":"https:\/\/www.hotel-madison.it\/fr\/wp-json\/wp\/v2\/users\/5"}],"replies":[{"embeddable":true,"href":"https:\/\/www.hotel-madison.it\/fr\/wp-json\/wp\/v2\/comments?post=737"}],"version-history":[{"count":0,"href":"https:\/\/www.hotel-madison.it\/fr\/wp-json\/wp\/v2\/pages\/737\/revisions"}],"wp:attachment":[{"href":"https:\/\/www.hotel-madison.it\/fr\/wp-json\/wp\/v2\/media?parent=737"}],"curies":[{"name":"wp","href":"https:\/\/api.w.org\/{rel}","templated":true}]}}